{"id":12,"date":"2024-07-18T22:13:35","date_gmt":"2024-07-18T20:13:35","guid":{"rendered":"http:\/\/naumanns.storis.de\/?page_id=12"},"modified":"2024-07-19T05:17:32","modified_gmt":"2024-07-19T03:17:32","slug":"datenschutzerklaerung","status":"publish","type":"page","link":"https:\/\/www.naumanns-klubhaus.de\/?page_id=12","title":{"rendered":"Datenschutzerkl\u00e4rung"},"content":{"rendered":"<article class=\"sections\" id=\"sections\" data-page-sections=\"64e2bfdc29e7580ddd5477ec\">\n<section\n  data-test=\"page-section\"\n  \n  data-section-theme=\"\"\n  class='page-section \n    \n      full-bleed-section\n      layout-engine-section\n    \n    background-width--full-bleed\n    \n      section-height--medium\n    \n    \n      content-width--wide\n    \n    horizontal-alignment--center\n    vertical-alignment--middle\n    \n      \n    \n    \n    '\n  \n  data-section-id=\"64e2bfdc29e7580ddd5477f0\"\n  \n  data-controller=\"SectionWrapperController\"\n  data-current-styles=\"{\n  &quot;imageOverlayOpacity&quot;: 0.15,\n  &quot;backgroundWidth&quot;: &quot;background-width--full-bleed&quot;,\n  &quot;sectionHeight&quot;: &quot;section-height--medium&quot;,\n  &quot;customSectionHeight&quot;: 10,\n  &quot;horizontalAlignment&quot;: &quot;horizontal-alignment--center&quot;,\n  &quot;verticalAlignment&quot;: &quot;vertical-alignment--middle&quot;,\n  &quot;contentWidth&quot;: &quot;content-width--wide&quot;,\n  &quot;customContentWidth&quot;: 50,\n  &quot;sectionAnimation&quot;: &quot;none&quot;,\n  &quot;backgroundMode&quot;: &quot;image&quot;\n}\"\n  data-current-context=\"{\n  &quot;video&quot;: {\n    &quot;playbackSpeed&quot;: 0.5,\n    &quot;filter&quot;: 1,\n    &quot;filterStrength&quot;: 0,\n    &quot;zoom&quot;: 0,\n    &quot;videoSourceProvider&quot;: &quot;none&quot;\n  },\n  &quot;backgroundImageId&quot;: null,\n  &quot;backgroundMediaEffect&quot;: null,\n  &quot;divider&quot;: null,\n  &quot;typeName&quot;: null\n}\"\n  data-animation=\"none\"\n  data-fluid-engine-section\n   \n  \n    \n  \n  \n><\/p>\n<div\n    class=\"section-border\"\n    \n  ><\/p>\n<div class=\"section-background\"><\/div>\n<\/p><\/div>\n<div\n    class='content-wrapper'\n    style='\n      \n        \n      \n    '\n  ><\/p>\n<div\n      class=\"content\"\n      \n    ><\/p>\n<div data-fluid-engine=\"true\">\n<style>\n<p>.fe-64e2bfdc29e7580ddd5477ef {\n  --grid-gutter: calc(var(--sqs-mobile-site-gutter, 6vw) - 11.0px);\n  --cell-max-width: calc( ( var(--sqs-site-max-width, 1500px) - (11.0px * (8 - 1)) ) \/ 8 );<\/p>\n<p>  display: grid;\n  position: relative;\n  grid-area: 1\/1\/-1\/-1;\n  grid-template-rows: repeat(49,minmax(24px, auto));\n  grid-template-columns:\n    minmax(var(--grid-gutter), 1fr)\n    repeat(8, minmax(0, var(--cell-max-width)))\n    minmax(var(--grid-gutter), 1fr);\n  row-gap: 11.0px;\n  column-gap: 11.0px;\n}<\/p>\n<p>@media (min-width: 768px) {\n  .background-width--inset .fe-64e2bfdc29e7580ddd5477ef {\n    --inset-padding: calc(var(--sqs-site-gutter) * 2);\n  }<\/p>\n<p>  .fe-64e2bfdc29e7580ddd5477ef {\n    --grid-gutter: calc(var(--sqs-site-gutter, 4vw) - 11.0px);\n    --cell-max-width: calc( ( var(--sqs-site-max-width, 1500px) - (11.0px * (24 - 1)) ) \/ 24 );\n    --inset-padding: 0vw;<\/p>\n<p>    --row-height-scaling-factor: 0.0215;\n    --container-width: min(var(--sqs-site-max-width, 1500px), calc(100vw - var(--sqs-site-gutter, 4vw) * 2 - var(--inset-padding) ));<\/p>\n<p>    grid-template-rows: repeat(66,minmax(calc(var(--container-width) * var(--row-height-scaling-factor)), auto));\n    grid-template-columns:\n      minmax(var(--grid-gutter), 1fr)\n      repeat(24, minmax(0, var(--cell-max-width)))\n      minmax(var(--grid-gutter), 1fr);\n  }\n}<\/p>\n<p>  .fe-block-2ca663eac652fe3996c2 {\n    grid-area: 2\/2\/50\/10;\n    z-index: 0;<\/p>\n<p>    @media (max-width: 767px) {<\/p>\n<p>    }\n  }<\/p>\n<p>  .fe-block-2ca663eac652fe3996c2 .sqs-block {\n    justify-content: flex-start;\n  }<\/p>\n<p>  .fe-block-2ca663eac652fe3996c2 .sqs-block-alignment-wrapper {\n    align-items: flex-start;\n  }<\/p>\n<p>  @media (min-width: 768px) {\n    .fe-block-2ca663eac652fe3996c2 {\n      grid-area: 1\/8\/67\/20;\n      z-index: 0;<\/p>\n<p>    }<\/p>\n<p>    .fe-block-2ca663eac652fe3996c2 .sqs-block {\n      justify-content: flex-start;\n    }<\/p>\n<p>    .fe-block-2ca663eac652fe3996c2 .sqs-block-alignment-wrapper {\n      align-items: flex-start;\n    }\n  }<\/p>\n<\/style>\n<div class=\"fluid-engine fe-64e2bfdc29e7580ddd5477ef\">\n<div class=\"fe-block fe-block-2ca663eac652fe3996c2\">\n<div class=\"sqs-block html-block sqs-block-html\" data-block-type=\"2\" data-border-radii=\"&#123;&quot;topLeft&quot;:&#123;&quot;unit&quot;:&quot;px&quot;,&quot;value&quot;:0.0&#125;,&quot;topRight&quot;:&#123;&quot;unit&quot;:&quot;px&quot;,&quot;value&quot;:0.0&#125;,&quot;bottomLeft&quot;:&#123;&quot;unit&quot;:&quot;px&quot;,&quot;value&quot;:0.0&#125;,&quot;bottomRight&quot;:&#123;&quot;unit&quot;:&quot;px&quot;,&quot;value&quot;:0.0&#125;&#125;\" id=\"block-2ca663eac652fe3996c2\">\n<div class=\"sqs-block-content\">\n<div class=\"sqs-html-content\">\n<div class=\"sqsrte-scaled-text-container\"><span class=\"sqsrte-scaled-text\"><\/p>\n<h2 style=\"white-space:pre-wrap;\">Datenschutzerkl\u00e4rung<\/h2>\n<p><\/span><\/div>\n<p class=\"\" data-rte-preserve-empty=\"true\" style=\"white-space:pre-wrap;\">\n<p class=\"\" style=\"white-space:pre-wrap;\"><strong>1. Erhebung pers\u00f6nlicher Daten<\/strong><\/p>\n<p class=\"\" style=\"white-space:pre-wrap;\">\u201eIhre pers\u00f6nlichen Daten genie\u00dfen einen besonderen Schutz, so dass uns die Einhaltung aller gesetzlichen Vorgaben ein wichtiges Anliegen ist. Personenbezogene Daten sind Einzelangaben \u00fcber pers\u00f6nliche oder sachliche Verh\u00e4ltnisse einer bestimmten oder bestimmbaren nat\u00fcrlichen Person, das hei\u00dft insbesondere der Name, die Anschrift, Geburtsdatum, aber auch Telefon- oder telfaxnummer einer Person stellen solche personenbezogenen Daten dar.<\/p>\n<p class=\"\" style=\"white-space:pre-wrap;\">Um Ihnen den gr\u00f6\u00dftm\u00f6glichen Schutz vor dem Hintergrund der gesetzlichen Regelung zu gew\u00e4hrleisten, informieren wir Sie im Folgenden \u00fcber die Daten, die w\u00e4hrend Ihres Besuches auf unserer Internetseite von uns erfasst werden. Sofern eine Nutzung der erhobenen Daten erfolgt, wird auch dies im Folgenden dargestellt.<\/p>\n<p class=\"\" style=\"white-space:pre-wrap;\">Nach den Vorgaben des Bundesdatenschutzgesetzes (BDSG) und Telemediengesetzes (TMG) werden wir Ihre personenbezogenen Daten ausschlie\u00dflich zur Bearbeitung von Anfragen und unter Umst\u00e4nden zur Abwicklung von Bestellungen oder Vertr\u00e4gen erheben, verarbeiten und speichern. Eine Nutzung Ihrer Daten f\u00fcr weitergehende Zwecke steht unter dem Vorbehalt Ihrer ausdr\u00fccklichen Einwilligung. \u00a7 13 Abs. 1 TMG schreibt hierbei vor, dass jeder Dienstanbieter eine verantwortliche Stelle bezeichnen muss. Verantwortliche Stelle im Sinne des Datenschutzrechts ist bei uns:<\/p>\n<p style=\"margin-left:40px;white-space:pre-wrap;\" class=\"\">Naumann\u2019s Klubhaus<br \/>Worrawalan Naumann<br \/>Am Moor 4<br \/>23611 Bad Schwartau<br \/>E-Mail: <a href=\"mailto:datenschutz@naumanns-klubhaus.de\">datenschutz@naumanns-klubhaus.de<\/a><br \/>Telefon: <a href=\"tel:+4945163879\">+49 451 63879<\/a><\/p>\n<p class=\"\" style=\"white-space:pre-wrap;\">Die folgenden Daten werden bei Aufruf unserer Internetseite bzw. \u00d6ffnen einzelner Dateien von Ihnen erhoben, verarbeitet und gespeichert:<\/p>\n<ul data-rte-list=\"default\">\n<li>\n<p class=\"\" style=\"white-space:pre-wrap;\">IP-Adresse<\/p>\n<\/li>\n<li>\n<p class=\"\" style=\"white-space:pre-wrap;\">Webseite, von der aus die Datei aufgerufen wurde<\/p>\n<\/li>\n<li>\n<p class=\"\" style=\"white-space:pre-wrap;\">Name der Datei \uf02d Datum und Uhrzeit des Abrufes<\/p>\n<\/li>\n<li>\n<p class=\"\" style=\"white-space:pre-wrap;\">\u00dcbertragene Datenmenge, Meldung \u00fcber den Erfolg des Abrufs (sogenanntes Weblock)<\/p>\n<\/li>\n<\/ul>\n<p class=\"\" style=\"white-space:pre-wrap;\">Eine Verwendung dieser Daten erfolgt ausschlie\u00dflich in anonymisierter Form zu statistischen Zwecken.<\/p>\n<p class=\"\" data-rte-preserve-empty=\"true\" style=\"white-space:pre-wrap;\">\n<p class=\"\" style=\"white-space:pre-wrap;\"><strong>2. Verwendung der erhobenen Daten<\/strong><\/p>\n<p class=\"\" style=\"white-space:pre-wrap;\">Sollten Daten im Rahmen eines Kontakt- oder Bestellformulars auf unserer Homepage durch Sie eingegeben oder auf andere Art im Rahmen eines solchen Formulars erhoben werden, werden wir diese Daten nur f\u00fcr die Bearbeitung von Anfragen verwenden, die uns \u00fcber das Formular zugehen. In einem Zeitraum von 6 Monaten nach der Beabreitung werden diese Daten gel\u00f6scht, es sei denn es bestehen weiter gehende Aufbewahrungspflichten.<\/p>\n<p class=\"\" style=\"white-space:pre-wrap;\">Die von Ihnen erhobenen Daten werden von uns lediglich zur Erf\u00fcllung unserer Vertragsverpflichtungen und zur Gew\u00e4hrleistung eines reibungslosen Ablaufs insbesondere zur Abwicklung eines geschlossenen Vertrages an Dritte weitergegeben (z.B. Weitergabe von Name und Adresse an einen Zustelldienst), sofern dies n\u00f6tig ist oder die Speicherung aus sonstigen gesetzlichen Gr\u00fcnden erforderlich ist.<\/p>\n<p class=\"\" style=\"white-space:pre-wrap;\">Die Daten werden nur f\u00fcr den Zweck gespeichert, den Sie bei der Dateneingabe angeben und nur insofern verwendet, wie sie einer Zweckverwendung zugestimmt haben. Eine Speicherung erfolgt lediglich f\u00fcr die Zeit, die notwendig ist, um unsere vertraglichen Verpflichtungen bzw. den vorgesehenen Zweck zu erf\u00fcllen oder soweit es gesetzlich vorgeschrieben ist. Eine Datenverwendung ist zur Abwicklung eines geschlossenen Vertrages im oben genannten Sinne auch dann notwendig, wenn zur Wahrung unserer berechtigten Interessen ggf. eine Bonit\u00e4tsauskunft eingeholt wird. Eine solche Bonit\u00e4tspr\u00fcfung erfordert die \u00dcbermittlung personenbezogener Daten an Dritte und gibt eine Auskunft dar\u00fcber, mit welcher Wahrscheinlichkeit ein Zahlungsausfall droht. Sie kann Wahrscheinlichkeitswerte beinhalten, die auf wissenschaftlicher Grundlage berechnet werden und in deren Berechnung unter anderem Anschriftendaten einflie\u00dfen. Diese Wahrscheinlichkeitswerte werden als Score-Werte bezeichnet.<\/p>\n<p class=\"\" style=\"white-space:pre-wrap;\">Eine Weitergabe Ihrer personenbezogenen Daten an Dritte \u00fcber die in diesem Abschnitt \u201e2. Verwendung der erhobenen Daten\u201c aufgef\u00fchrten Zwecke findet au\u00dfer zu den genannten Zwecken der Bonit\u00e4tspr\u00fcfung, Vertrags- und Zahlungsabwicklung nicht statt.<\/p>\n<p class=\"\" style=\"white-space:pre-wrap;\">Sie haben gegen\u00fcber allen Stellen, die Daten sammeln um Bonit\u00e4tsausk\u00fcnfte geben zu k\u00f6nnen einen Anspruch darauf, eine Auskunft \u00fcber die gespeicherten Daten zu erhalten, die Sie betreffenden.<\/p>\n<p class=\"\" data-rte-preserve-empty=\"true\" style=\"white-space:pre-wrap;\">\n<p class=\"\" style=\"white-space:pre-wrap;\"><strong>3. Cookies<\/strong><\/p>\n<p class=\"\" style=\"white-space:pre-wrap;\">Auf unserer Homepage werden Cookies, d.h. Textdateien, die auf Ihrem Computer hinterlegt werden, verwendet. Dauerhafte Cookies erkennen, dass Ihr PC schon einmal eine Verbindung zu einem Webangebot hatte, Sitzungscookies speichern zuletzt angesehene Angebote. Dritten, das hei\u00dft insbesondere unseren Partnerunternehmen ist nicht gestattet, personenbezogene Daten mittels Cookies \u00fcber unsere Webseite zu erlangen, zu verarbeiten oder zu nutzen. Sitzungscookies werden nach Ende der Sitzung gel\u00f6scht. Durch den Einsatz der Cookies in der von uns gew\u00e4hlten Gestalt, entstehen Ihnen keine Nachteile.<br \/>Sie k\u00f6nnen das Setzen, d.h. Speichern von Cookies durch eine Einstellungen Ihres Browsers generell akzeptieren oder ausschlie\u00dfen.<\/p>\n<p class=\"\" data-rte-preserve-empty=\"true\" style=\"white-space:pre-wrap;\">\n<p class=\"\" style=\"white-space:pre-wrap;\"><strong>4. Jederzeitiges Widerrufsrecht<\/strong><\/p>\n<p class=\"\" style=\"white-space:pre-wrap;\">Eine gegebene Einwilligung in die Erhebung, Verarbeitung und Speicherung von Daten kann jederzeit mit Wirkung f\u00fcr die Zukunft widerrufen werden. Dies kann mittels E-Mail an <a href=\"mailto:datenschutz@naumanns-klubhaus.de\">datenschutz@naumanns-klubhaus.de<\/a> oder telefonisch unter <a href=\"tel:+4945163879\">+49 451 63879<\/a> erfolgen.<\/p>\n<p class=\"\" data-rte-preserve-empty=\"true\" style=\"white-space:pre-wrap;\">\n<p class=\"\" style=\"white-space:pre-wrap;\"><strong>6. Schutz, Auskunftsrechte<\/strong><\/p>\n<p class=\"\" style=\"white-space:pre-wrap;\">Ihre personenbezogenen Daten werden so gespeichert, dass sie im Rahmen des technischen und wirtschaftlich M\u00f6glichen f\u00fcr Dritte nicht zug\u00e4nglich sind. Bei der Kommunikation per E-Mail kann eine vollst\u00e4ndige Datensicherheit und Vertraulichkeit von uns nicht gew\u00e4hrleistet werden. Das BDSG gew\u00e4hrt Ihnen das Recht, eine unentgeltliche Auskunft \u00fcber Ihre gespeicherten Daten sowie ggf. ein Recht auf Berichtigung, Sperrung oder L\u00f6schung dieser Daten geltend zu machen. Auskunfts-, L\u00f6schungs- und Berichtigungsw\u00fcnsche k\u00f6nnen an die verantwortliche Stelle im Sinne des \u00a7 13 Abs. 1 TMG gerichtet werden. Diese ist wie oben dargestellt:<\/p>\n<p style=\"margin-left:40px;white-space:pre-wrap;\" class=\"\">Naumann\u2019s Klubhaus<br \/>Worrawalan Naumann<br \/>Am Moor 4<br \/>23611 Bad Schwartau<br \/>E-Mail: <a href=\"mailto:datenschutz@naumanns-klubhaus.de\">datenschutz@naumanns-klubhaus.de<\/a><br \/>Telefon: <a href=\"tel:+4945163879\">+49 451 63879<\/a><\/p>\n<\/div>\n<\/div>\n<\/div>\n<\/div>\n<\/div>\n<\/div><\/div>\n<\/p><\/div>\n<\/section>\n<\/article>\n","protected":false},"excerpt":{"rendered":"<p>Datenschutzerkl\u00e4rung 1. Erhebung pers\u00f6nlicher Daten \u201eIhre pers\u00f6nlichen Daten genie\u00dfen einen besonderen Schutz, so dass uns die Einhaltung aller gesetzlichen Vorgaben ein wichtiges Anliegen ist. Personenbezogene Daten sind Einzelangaben \u00fcber pers\u00f6nliche oder sachliche Verh\u00e4ltnisse einer bestimmten oder bestimmbaren nat\u00fcrlichen Person, das hei\u00dft insbesondere der Name, die Anschrift, Geburtsdatum, aber auch Telefon- oder telfaxnummer einer Person stellen [&hellip;]<\/p>\n","protected":false},"author":1,"featured_media":54,"parent":0,"menu_order":0,"comment_status":"closed","ping_status":"closed","template":"","meta":{"footnotes":""},"class_list":["post-12","page","type-page","status-publish","has-post-thumbnail","hentry"],"_links":{"self":[{"href":"https:\/\/www.naumanns-klubhaus.de\/index.php?rest_route=\/wp\/v2\/pages\/12"}],"collection":[{"href":"https:\/\/www.naumanns-klubhaus.de\/index.php?rest_route=\/wp\/v2\/pages"}],"about":[{"href":"https:\/\/www.naumanns-klubhaus.de\/index.php?rest_route=\/wp\/v2\/types\/page"}],"author":[{"embeddable":true,"href":"https:\/\/www.naumanns-klubhaus.de\/index.php?rest_route=\/wp\/v2\/users\/1"}],"replies":[{"embeddable":true,"href":"https:\/\/www.naumanns-klubhaus.de\/index.php?rest_route=%2Fwp%2Fv2%2Fcomments&post=12"}],"version-history":[{"count":1,"href":"https:\/\/www.naumanns-klubhaus.de\/index.php?rest_route=\/wp\/v2\/pages\/12\/revisions"}],"predecessor-version":[{"id":118,"href":"https:\/\/www.naumanns-klubhaus.de\/index.php?rest_route=\/wp\/v2\/pages\/12\/revisions\/118"}],"wp:featuredmedia":[{"embeddable":true,"href":"https:\/\/www.naumanns-klubhaus.de\/index.php?rest_route=\/wp\/v2\/media\/54"}],"wp:attachment":[{"href":"https:\/\/www.naumanns-klubhaus.de\/index.php?rest_route=%2Fwp%2Fv2%2Fmedia&parent=12"}],"curies":[{"name":"wp","href":"https:\/\/api.w.org\/{rel}","templated":true}]}}